{"id":12012,"date":"2025-06-13T13:27:34","date_gmt":"2025-06-13T13:27:34","guid":{"rendered":"https:\/\/eos-corrugated.com\/declaracion-de-privacidad-ue\/"},"modified":"2026-02-25T11:17:26","modified_gmt":"2026-02-25T11:17:26","slug":"declaracion-de-privacidad-ue","status":"publish","type":"page","link":"https:\/\/eos-corrugated.com\/es\/declaracion-de-privacidad-ue\/","title":{"rendered":"Declaraci\u00f3n de privacidad (UE)"},"content":{"rendered":"\t\t<div data-elementor-type=\"wp-page\" data-elementor-id=\"12012\" class=\"elementor elementor-12012 elementor-9083\" data-elementor-post-type=\"page\">\n\t\t\t\t<div class=\"elementor-element elementor-element-73bb45a0 e-flex e-con-boxed e-con e-parent\" data-id=\"73bb45a0\" data-element_type=\"container\" data-e-type=\"container\">\n\t\t\t\t\t<div class=\"e-con-inner\">\n\t\t\t\t<div class=\"elementor-element elementor-element-918fc66 elementor-widget elementor-widget-heading\" data-id=\"918fc66\" data-element_type=\"widget\" data-e-type=\"widget\" data-widget_type=\"heading.default\">\n\t\t\t\t\t<h2 class=\"elementor-heading-title elementor-size-default\">Declaraci\u00f3n de privacidad (UE)<\/h2>\t\t\t\t<\/div>\n\t\t\t\t<div class=\"elementor-element elementor-element-80727be policy elementor-widget elementor-widget-text-editor\" data-id=\"80727be\" data-element_type=\"widget\" data-e-type=\"widget\" data-widget_type=\"text-editor.default\">\n\t\t\t\t\t\t\t\t\t\n<!-- Legal document generated by Complianz | GDPR\/CCPA Cookie Consent https:\/\/wordpress.org\/plugins\/complianz-gdpr -->\n<div id=\"cmplz-document\" class=\"cmplz-document privacy-statement cmplz-document-eu\"><p><i>Esta declaraci\u00f3n de privacidad se actualiz\u00f3 por \u00faltima vez el 20 de febrero de 2026 y se aplica a los ciudadanos y residentes legales permanentes del Espacio Econ\u00f3mico Europeo y Suiza.<\/i><br \/><br \/><\/p><p><p>En esta declaraci\u00f3n de privacidad, explicamos lo que hacemos con los datos que obtenemos sobre usted a trav\u00e9s de <a href=\"https:\/\/eos-corrugated.com\/es\/\">https:\/\/eos-corrugated.com\/es\/<\/a>. Le recomendamos que lea atentamente esta declaraci\u00f3n. En nuestro tratamiento cumplimos con los requisitos de la legislaci\u00f3n sobre privacidad. Esto significa, entre otras cosas, que:<\/p><ul>\n                <li>indicamos claramente los fines para los que procesamos los datos personales. Hacemos esto por medio de esta declaraci\u00f3n de privacidad.<\/li>\n                <li>nos proponemos limitar nuestra recopilaci\u00f3n de datos personales a los datos personales necesarios para fines leg\u00edtimos;<\/li>\n                <li>en primer lugar, solicitamos su consentimiento expl\u00edcito para el tratamiento de sus datos personales en los casos en que sea necesario.<\/li>\n                <li>tomamos las medidas de seguridad adecuadas para proteger sus datos personales y tambi\u00e9n lo exigimos a las partes que procesan datos personales en nuestro nombre;<\/li>\n                <li>respetamos su derecho a acceder, rectificar o cancelar sus datos personales previa solicitud.<\/li>\n            <\/ul><p>Si tiene alguna pregunta o quiere saber exactamente qu\u00e9 datos guardamos de usted, p\u00f3ngase en contacto con nosotros.<\/p><\/p><h2>1. Prop\u00f3sito, datos y periodo de retenci\u00f3n<\/h2>Podemos recopilar o recibir informaci\u00f3n personal para un n\u00famero de prop\u00f3sitos relacionados con nuestras operaciones comerciales, que pueden incluir lo siguiente: (haga clic para expandir) <details class=\"cmplz-dropdown dropdown-privacy-statement\"><summary><div><h3>1.1 Contacto &#8211; Por tel\u00e9fono, correo, correo electr\u00f3nico y\/o formularios en el sitio<\/h3><\/div><\/summary><p class=\"cmplz-subtitle\">Para ello utilizamos los siguientes datos:<\/p><p><ul><li>Un nombre y apellido<\/li><li>Una direcci\u00f3n de correo electr\u00f3nico<\/li><\/ul><\/p><p class=\"cmplz-subtitle\">La base sobre la que podemos procesar estos datos es:<\/p><p><a target=\"_blank\" rel=\"noopener noreferrer nofollow\" href=\"https:\/\/cookiedatabase.org\/legal-bases\/#consent\">Tras la prestaci\u00f3n del consentimiento. <\/a><\/p><p class=\"cmplz-subtitle\">Per\u00edodo de retenci\u00f3n<\/p><p>Retendremos estos datos hasta que el servicio sea cancelado.<\/p><\/details><h2>2. Compartir con otras partes<\/h2><p>S\u00f3lo compartimos o divulgamos estos datos a los encargados del tratamiento de datos para los siguientes prop\u00f3sitos:<\/p><p class=\"cmplz-subtitle\">Encargados del tratamiento de datos<\/p><p><b>Nombre:<\/b>&nbsp;Dinahosting s.l.<br \/>\n            <b>Pa\u00eds:<\/b>&nbsp;Spain<br \/>\n            <b>Prop\u00f3sito:<\/b>&nbsp;This type of service is intended to host data and files that enable this Application to operate, allow its distribution, and provide a ready-to-use infrastructure to deliver specific functionalities of the Application. Some of the services listed below, if any, may operate on geographically distributed servers, making it difficult to determine the actual location where Personal Data is stored. Dinahosting s.l. is a hosting and backend service provided by Dinahosting s.l.<br \/>\n            <b>Nombre:<\/b>&nbsp;Google Analytics<br \/>\n            <b>Pa\u00eds:<\/b>&nbsp;United States<br \/>\n            <b>Prop\u00f3sito:<\/b>&nbsp;Google Analytics is a web analytics service provided by Google LLC or by Google Ireland Limited, depending on how the Data Controller manages data processing (\u00abGoogle\u00bb). Google uses the Personal Data collected to track and examine the use of galimberti.com, compile reports, and share them with other services developed by Google. Google may use the Personal Data to contextualize and personalize ads in its advertising network.<br \/>\n            <b>Nombre:<\/b>&nbsp;Google Tag Manager (Google Ireland Limited)<br \/>\n            <b>Pa\u00eds:<\/b>&nbsp;Ireland<br \/>\n            <b>Prop\u00f3sito:<\/b>&nbsp;Google Tag Manager is a tag management system provided by Google Ireland Limited. It enables the centralized deployment and management of tracking codes and scripts (tags) on this Application without modifying the source code. Although it does not directly collect Personal Data, it may activate other tags that do.<br \/>\n            <\/p><h2>3. Cookies<\/h2><p>Nuestra web utiliza cookies. Para m\u00e1s informaci\u00f3n acerca de las cookies, por favor consulte nuestra <a href=\"https:\/\/eos-corrugated.com\/es\/declaracion-de-privacidad-ue\/\">Pol\u00edtica de cookies<\/a>.&nbsp;<\/p><h2>4. Pr\u00e1cticas de divulgaci\u00f3n<\/h2><p><p>Divulgamos informaci\u00f3n personal si nos lo exige la ley o una orden judicial, en respuesta a un organismo encargado de hacer cumplir la ley, en la medida en que lo permitan otras disposiciones legales, para proporcionar informaci\u00f3n o para una investigaci\u00f3n sobre un asunto relacionado con la seguridad p\u00fablica.<\/p><p>Si nuestro sitio web o nuestra organizaci\u00f3n son adquiridos, vendidos o participan en una fusi\u00f3n o adquisici\u00f3n, sus datos podr\u00e1n ser revelados a nuestros asesores y a los posibles compradores, y se transmitir\u00e1n a los nuevos propietarios.<\/p><\/p><p>Tenemos un Acuerdo de procesamiento de datos con Google.<\/p><p>Google no puede utilizar los datos para otros servicios de Google.<\/p><p>La inclusi\u00f3n de direcciones IP completas est\u00e1 bloqueada por nosotros.<\/p><h2>5. Seguridad<\/h2><p>Estamos comprometidos con la seguridad de los datos personales. Tomamos las medidas de seguridad adecuadas para limitar el abuso y el acceso no autorizado a los datos personales. Esto asegura que s\u00f3lo las personas necesarias tengan acceso a sus datos, que el acceso a los datos est\u00e9 protegido y que nuestras medidas de seguridad sean revisadas regularmente.<\/p><h2>6. Webs de terceros<\/h2><p>Esta declaraci\u00f3n de privacidad no se aplica a las webs de terceros conectados mediante enlaces en nuestra web. No podemos garantizar que estas terceras partes manejen sus datos personales de forma fiable o segura. Le recomendamos que lea las declaraciones de privacidad de estas webs antes de utilizarlos.<\/p><h2>7. Modificaciones de esta declaraci\u00f3n de privacidad<\/h2><p>Nos reservamos el derecho de hacer enmiendas a esta declaraci\u00f3n de privacidad. Se recomienda que consulte esta declaraci\u00f3n de privacidad regularmente para estar al tanto de cualquier cambio. Adem\u00e1s, le informaremos activamente siempre que sea posible.<\/p><h2>8. Acceso y modificaci\u00f3n de sus datos<\/h2><p>Si tiene alguna pregunta o desea saber qu\u00e9 datos personales tenemos sobre usted, p\u00f3ngase en contacto con nosotros. Puede ponerse en contacto con nosotros utilizando la siguiente informaci\u00f3n. Usted tiene los siguientes derechos:<\/p><ul>\n                <li>Usted tiene derecho a saber por qu\u00e9 se necesitan sus datos personales, qu\u00e9 pasar\u00e1 con ellos y durante cu\u00e1nto tiempo se conservar\u00e1n.<\/li>\n                <li>Derecho de acceso: Tiene derecho a acceder a los datos personales que conocemos sobre usted.<\/li>\n                <li>Derecho de rectificaci\u00f3n: tiene derecho a completar, rectificar, borrar o bloquear sus datos personales cuando lo desee.<\/li>\n                <li>Si usted nos da su consentimiento para procesar sus datos, tiene derecho a revocar dicho consentimiento y a que se eliminen sus datos personales.<\/li>\n                <li>Derecho de cesi\u00f3n de sus datos: tiene derecho a solicitar todos sus datos personales al responsable y a transferirlos \u00edntegramente a otro responsable del tratamiento de datos.<\/li>\n                <li>Derecho de oposici\u00f3n: usted puede oponerse al tratamiento de sus datos. Nosotros cumplimos con esto, a menos que existan motivos justificados para el tratamiento.<\/li>\n            <\/ul><p>Por favor, aseg\u00farese de indicar siempre claramente qui\u00e9n es usted, para que podamos estar seguros de que no modificamos o eliminamos ning\u00fan dato de la persona equivocada.<\/p><h2>9. Enviando una reclamaci\u00f3n<\/h2><p>Si no est\u00e1 satisfecho con la forma en que tratamos o procesamos sus datos personales, tiene derecho a presentar una queja a la Autoridad de protecci\u00f3n de datos.<\/p><h2>10. Datos de contacto<\/h2><p>EOS CORRUGATED GROUP EVO SAS<br \/>\n        142 Avenue Louis N\u00e9el Zone du Lac 07000 Privas France<br \/>\n        Francia<br \/>\n        Web: <a href=\"https:\/\/eos-corrugated.com\/es\/\">https:\/\/eos-corrugated.com\/es\/<\/a> <br \/>\n        Correo electr\u00f3nico: <span class=\"cmplz-obfuscate\">inf&#111;@<span class=\"cmplz-fmail-domain\">&#101;&#120;&#046;&#099;o&#109;<\/span>e&#111;&#115;&#045;&#099;o&#114;ru&#103;&#097;&#116;ed.&#110;&#101;t<\/span> <br \/>\n        <\/p><\/div>\t\t\t\t\t\t\t\t<\/div>\n\t\t\t\t\t<\/div>\n\t\t\t\t<\/div>\n\t\t\t\t<\/div>\n\t\t","protected":false},"excerpt":{"rendered":"","protected":false},"author":1,"featured_media":0,"parent":0,"menu_order":0,"comment_status":"closed","ping_status":"closed","template":"","meta":{"inline_featured_image":false,"footnotes":""},"class_list":["post-12012","page","type-page","status-publish","hentry"],"yoast_head":"<!-- This site is optimized with the Yoast SEO plugin v27.0 - https:\/\/yoast.com\/product\/yoast-seo-wordpress\/ -->\n<title>Declaraci\u00f3n de privacidad (UE) - EOS Corrugated Group<\/title>\n<meta name=\"robots\" content=\"index, follow, max-snippet:-1, max-image-preview:large, max-video-preview:-1\" \/>\n<link rel=\"canonical\" href=\"https:\/\/eos-corrugated.com\/es\/declaracion-de-privacidad-ue\/\" \/>\n<meta property=\"og:locale\" content=\"es_ES\" \/>\n<meta property=\"og:type\" content=\"article\" \/>\n<meta property=\"og:title\" content=\"Declaraci\u00f3n de privacidad (UE) - EOS Corrugated Group\" \/>\n<meta property=\"og:url\" content=\"https:\/\/eos-corrugated.com\/es\/declaracion-de-privacidad-ue\/\" \/>\n<meta property=\"og:site_name\" content=\"EOS Corrugated Group\" \/>\n<meta property=\"article:modified_time\" content=\"2026-02-25T11:17:26+00:00\" \/>\n<meta name=\"twitter:card\" content=\"summary_large_image\" \/>\n<script type=\"application\/ld+json\" class=\"yoast-schema-graph\">{\"@context\":\"https:\/\/schema.org\",\"@graph\":[{\"@type\":\"WebPage\",\"@id\":\"https:\/\/eos-corrugated.com\/es\/declaracion-de-privacidad-ue\/\",\"url\":\"https:\/\/eos-corrugated.com\/es\/declaracion-de-privacidad-ue\/\",\"name\":\"Declaraci\u00f3n de privacidad (UE) - EOS Corrugated Group\",\"isPartOf\":{\"@id\":\"https:\/\/eos-corrugated.com\/es\/#website\"},\"datePublished\":\"2025-06-13T13:27:34+00:00\",\"dateModified\":\"2026-02-25T11:17:26+00:00\",\"breadcrumb\":{\"@id\":\"https:\/\/eos-corrugated.com\/es\/declaracion-de-privacidad-ue\/#breadcrumb\"},\"inLanguage\":\"es\",\"potentialAction\":[{\"@type\":\"ReadAction\",\"target\":[\"https:\/\/eos-corrugated.com\/es\/declaracion-de-privacidad-ue\/\"]}]},{\"@type\":\"BreadcrumbList\",\"@id\":\"https:\/\/eos-corrugated.com\/es\/declaracion-de-privacidad-ue\/#breadcrumb\",\"itemListElement\":[{\"@type\":\"ListItem\",\"position\":1,\"name\":\"Home\",\"item\":\"https:\/\/eos-corrugated.com\/es\/home\/\"},{\"@type\":\"ListItem\",\"position\":2,\"name\":\"Declaraci\u00f3n de privacidad (UE)\"}]},{\"@type\":\"WebSite\",\"@id\":\"https:\/\/eos-corrugated.com\/es\/#website\",\"url\":\"https:\/\/eos-corrugated.com\/es\/\",\"name\":\"EOS Corrugated Group\",\"description\":\"\",\"publisher\":{\"@id\":\"https:\/\/eos-corrugated.com\/es\/#organization\"},\"potentialAction\":[{\"@type\":\"SearchAction\",\"target\":{\"@type\":\"EntryPoint\",\"urlTemplate\":\"https:\/\/eos-corrugated.com\/es\/?s={search_term_string}\"},\"query-input\":{\"@type\":\"PropertyValueSpecification\",\"valueRequired\":true,\"valueName\":\"search_term_string\"}}],\"inLanguage\":\"es\"},{\"@type\":\"Organization\",\"@id\":\"https:\/\/eos-corrugated.com\/es\/#organization\",\"name\":\"EOS Corrugated Group\",\"url\":\"https:\/\/eos-corrugated.com\/es\/\",\"logo\":{\"@type\":\"ImageObject\",\"inLanguage\":\"es\",\"@id\":\"https:\/\/eos-corrugated.com\/es\/#\/schema\/logo\/image\/\",\"url\":\"https:\/\/eos-corrugated.com\/wp-content\/uploads\/2024\/08\/eos-logo.svg\",\"contentUrl\":\"https:\/\/eos-corrugated.com\/wp-content\/uploads\/2024\/08\/eos-logo.svg\",\"width\":400,\"height\":116,\"caption\":\"EOS Corrugated Group\"},\"image\":{\"@id\":\"https:\/\/eos-corrugated.com\/es\/#\/schema\/logo\/image\/\"}}]}<\/script>\n<!-- \/ Yoast SEO plugin. -->","yoast_head_json":{"title":"Declaraci\u00f3n de privacidad (UE) - EOS Corrugated Group","robots":{"index":"index","follow":"follow","max-snippet":"max-snippet:-1","max-image-preview":"max-image-preview:large","max-video-preview":"max-video-preview:-1"},"canonical":"https:\/\/eos-corrugated.com\/es\/declaracion-de-privacidad-ue\/","og_locale":"es_ES","og_type":"article","og_title":"Declaraci\u00f3n de privacidad (UE) - EOS Corrugated Group","og_url":"https:\/\/eos-corrugated.com\/es\/declaracion-de-privacidad-ue\/","og_site_name":"EOS Corrugated Group","article_modified_time":"2026-02-25T11:17:26+00:00","twitter_card":"summary_large_image","schema":{"@context":"https:\/\/schema.org","@graph":[{"@type":"WebPage","@id":"https:\/\/eos-corrugated.com\/es\/declaracion-de-privacidad-ue\/","url":"https:\/\/eos-corrugated.com\/es\/declaracion-de-privacidad-ue\/","name":"Declaraci\u00f3n de privacidad (UE) - EOS Corrugated Group","isPartOf":{"@id":"https:\/\/eos-corrugated.com\/es\/#website"},"datePublished":"2025-06-13T13:27:34+00:00","dateModified":"2026-02-25T11:17:26+00:00","breadcrumb":{"@id":"https:\/\/eos-corrugated.com\/es\/declaracion-de-privacidad-ue\/#breadcrumb"},"inLanguage":"es","potentialAction":[{"@type":"ReadAction","target":["https:\/\/eos-corrugated.com\/es\/declaracion-de-privacidad-ue\/"]}]},{"@type":"BreadcrumbList","@id":"https:\/\/eos-corrugated.com\/es\/declaracion-de-privacidad-ue\/#breadcrumb","itemListElement":[{"@type":"ListItem","position":1,"name":"Home","item":"https:\/\/eos-corrugated.com\/es\/home\/"},{"@type":"ListItem","position":2,"name":"Declaraci\u00f3n de privacidad (UE)"}]},{"@type":"WebSite","@id":"https:\/\/eos-corrugated.com\/es\/#website","url":"https:\/\/eos-corrugated.com\/es\/","name":"EOS Corrugated Group","description":"","publisher":{"@id":"https:\/\/eos-corrugated.com\/es\/#organization"},"potentialAction":[{"@type":"SearchAction","target":{"@type":"EntryPoint","urlTemplate":"https:\/\/eos-corrugated.com\/es\/?s={search_term_string}"},"query-input":{"@type":"PropertyValueSpecification","valueRequired":true,"valueName":"search_term_string"}}],"inLanguage":"es"},{"@type":"Organization","@id":"https:\/\/eos-corrugated.com\/es\/#organization","name":"EOS Corrugated Group","url":"https:\/\/eos-corrugated.com\/es\/","logo":{"@type":"ImageObject","inLanguage":"es","@id":"https:\/\/eos-corrugated.com\/es\/#\/schema\/logo\/image\/","url":"https:\/\/eos-corrugated.com\/wp-content\/uploads\/2024\/08\/eos-logo.svg","contentUrl":"https:\/\/eos-corrugated.com\/wp-content\/uploads\/2024\/08\/eos-logo.svg","width":400,"height":116,"caption":"EOS Corrugated Group"},"image":{"@id":"https:\/\/eos-corrugated.com\/es\/#\/schema\/logo\/image\/"}}]}},"_links":{"self":[{"href":"https:\/\/eos-corrugated.com\/es\/wp-json\/wp\/v2\/pages\/12012","targetHints":{"allow":["GET"]}}],"collection":[{"href":"https:\/\/eos-corrugated.com\/es\/wp-json\/wp\/v2\/pages"}],"about":[{"href":"https:\/\/eos-corrugated.com\/es\/wp-json\/wp\/v2\/types\/page"}],"author":[{"embeddable":true,"href":"https:\/\/eos-corrugated.com\/es\/wp-json\/wp\/v2\/users\/1"}],"replies":[{"embeddable":true,"href":"https:\/\/eos-corrugated.com\/es\/wp-json\/wp\/v2\/comments?post=12012"}],"version-history":[{"count":1,"href":"https:\/\/eos-corrugated.com\/es\/wp-json\/wp\/v2\/pages\/12012\/revisions"}],"predecessor-version":[{"id":12013,"href":"https:\/\/eos-corrugated.com\/es\/wp-json\/wp\/v2\/pages\/12012\/revisions\/12013"}],"wp:attachment":[{"href":"https:\/\/eos-corrugated.com\/es\/wp-json\/wp\/v2\/media?parent=12012"}],"curies":[{"name":"wp","href":"https:\/\/api.w.org\/{rel}","templated":true}]}}